{"id":15,"date":"2025-09-23T15:40:18","date_gmt":"2025-09-23T15:40:18","guid":{"rendered":"http:\/\/www.itexs.unipr.it\/?page_id=15"},"modified":"2026-01-15T18:07:55","modified_gmt":"2026-01-15T18:07:55","slug":"home","status":"publish","type":"page","link":"http:\/\/www.itexs.unipr.it\/","title":{"rendered":"Il progetto I-TexS.     Impact Technologies for Services"},"content":{"rendered":"\n<hr class=\"wp-block-separator has-alpha-channel-opacity\"\/>\n\n\n\n<figure class=\"wp-block-embed is-type-video is-provider-vimeo wp-block-embed-vimeo wp-embed-aspect-16-9 wp-has-aspect-ratio\"><div class=\"wp-block-embed__wrapper\">\n<iframe loading=\"lazy\" title=\"I-TexS_presentazione\" src=\"https:\/\/player.vimeo.com\/video\/1135276246?h=a34bd441c5&amp;dnt=1&amp;app_id=122963\" width=\"500\" height=\"281\" frameborder=\"0\" allow=\"autoplay; fullscreen; picture-in-picture; clipboard-write; encrypted-media; web-share\" referrerpolicy=\"strict-origin-when-cross-origin\"><\/iframe>\n<\/div><\/figure>\n\n\n\n<p>Il progetto I-TexS \u2013 Impact Technologies for Services ha l\u2019obiettivo di sviluppare e testare soluzioni digitali di marketing di contenuto di prossimit\u00e0 per il settore Ho.Re.Ca. in Emilia-Romagna.<br><\/p>\n\n\n\n<p>Il&nbsp;<strong>content marketing di prossimit\u00e0<\/strong>&nbsp;in ambito Ho.Re.Ca. \u00e8 l\u2019insieme delle strategie e degli strumenti digitali che, all\u2019interno del punto di consumo o nelle sue immediate vicinanze, veicolano contenuti informativi, narrativi o esperienziali di valore per il cliente.<\/p>\n\n\n\n<p>Rientrano in questa categoria men\u00f9 digitali arricchiti con informazioni nutrizionali, allergeni e suggerimenti di abbinamento cibi-bevande; contenuti multimediali che raccontano la provenienza delle materie prime e la filiera a km 0; materiali culturali e storici legati alla tradizione gastronomica; elementi di infotainment e storytelling emozionale sul brand o sul territorio.<\/p>\n\n\n\n<p>Non appartengono invece al content marketing di prossimit\u00e0 gli strumenti digitali con funzione esclusivamente transazionale, come app di prenotazione, QR code o totem che servono solo per inviare ordini o visualizzare una lista statica di prezzi, in quanto non generano contenuti aggiuntivi n\u00e9 valore esperienziale.<br><\/p>\n\n\n\n<p>All\u2019interno di un laboratorio dedicato presso il Tecnopolo di Parma \u00e8 in corso di realizzazione il dimostratore \u201cNext Generation Restaurant\u201d, che integra diverse soluzioni tecnologiche con una doppia valenza:<\/p>\n\n\n\n<ul class=\"wp-block-list\">\n<li>soluzioni di content marketing digitale di prossimit\u00e0;<\/li>\n\n\n\n<li>stoviglie &#8220;smart&#8221; (piatti, bicchieri, posate, tazze, ecc), che utilizzano esclusivamente materiali riciclabili al 100%.<\/li>\n<\/ul>\n","protected":false},"excerpt":{"rendered":"<p>Il progetto I-TexS \u2013 Impact Technologies for Services ha l\u2019obiettivo di sviluppare e testare soluzioni digitali di marketing di contenuto di prossimit\u00e0 per il settore Ho.Re.Ca. in Emilia-Romagna. Il&nbsp;content marketing di prossimit\u00e0&nbsp;in ambito Ho.Re.Ca. \u00e8 l\u2019insieme delle strategie e degli strumenti digitali che, all\u2019interno del punto di consumo o nelle sue immediate vicinanze, veicolano contenuti [&hellip;]<\/p>\n","protected":false},"author":1,"featured_media":0,"parent":0,"menu_order":0,"comment_status":"closed","ping_status":"closed","template":"","meta":{"footnotes":""},"class_list":["post-15","page","type-page","status-publish","hentry"],"_links":{"self":[{"href":"http:\/\/www.itexs.unipr.it\/index.php\/wp-json\/wp\/v2\/pages\/15","targetHints":{"allow":["GET"]}}],"collection":[{"href":"http:\/\/www.itexs.unipr.it\/index.php\/wp-json\/wp\/v2\/pages"}],"about":[{"href":"http:\/\/www.itexs.unipr.it\/index.php\/wp-json\/wp\/v2\/types\/page"}],"author":[{"embeddable":true,"href":"http:\/\/www.itexs.unipr.it\/index.php\/wp-json\/wp\/v2\/users\/1"}],"replies":[{"embeddable":true,"href":"http:\/\/www.itexs.unipr.it\/index.php\/wp-json\/wp\/v2\/comments?post=15"}],"version-history":[{"count":9,"href":"http:\/\/www.itexs.unipr.it\/index.php\/wp-json\/wp\/v2\/pages\/15\/revisions"}],"predecessor-version":[{"id":155,"href":"http:\/\/www.itexs.unipr.it\/index.php\/wp-json\/wp\/v2\/pages\/15\/revisions\/155"}],"wp:attachment":[{"href":"http:\/\/www.itexs.unipr.it\/index.php\/wp-json\/wp\/v2\/media?parent=15"}],"curies":[{"name":"wp","href":"https:\/\/api.w.org\/{rel}","templated":true}]}}